{"id":5930,"date":"2025-09-09T09:53:05","date_gmt":"2025-09-09T07:53:05","guid":{"rendered":"https:\/\/develop.immobilienbusiness.ch\/?page_id=5930"},"modified":"2025-09-09T09:53:05","modified_gmt":"2025-09-09T07:53:05","slug":"login","status":"publish","type":"page","link":"https:\/\/develop.immobilienbusiness.ch\/de\/login\/","title":{"rendered":"Login"},"content":{"rendered":"<p><a href=\"https:\/\/login-int.asmiq.ch\/auth\/realms\/imbu\/protocol\/openid-connect\/auth?response_type=code&amp;scope=email%20profile%20openid&amp;client_id=imbu&amp;state=48fd31bcaf5a6433f312814b4e4b455a&amp;redirect_uri=https%3A%2F%2Fdevelop.immobilienbusiness.ch%2Fwp-admin%2Fadmin-ajax.php%3Faction%3Dopenid-connect-authorize\" target=\"blank\" rel=\"noopener\"><button>Jetzt einloggen<\/button><\/a> oder <a href=\"https:\/\/webshop-imbu-int.asmiq.ch\/\" target=\"blank\" rel=\"noopener\"><button>Immobilienbusiness abonnieren<\/button><\/a><\/p>\n<p>&nbsp;<\/p>\n<h2>F\u00fcr bestehende Abonnent*innen<\/h2>\n<p>Ihr Login bleibt weiterhin g\u00fcltig, jedoch m\u00fcssen Sie aus Sicherheitsgr\u00fcnden ein neues Passwort setzen. Anschliessend k\u00f6nnen Sie wie gewohnt alle Ihre Leistungen auf immobilienbusiness.ch nutzen. Wenn Sie zus\u00e4tzliche Leistungen bestellen oder Ihr Benutzerprofil aktualisieren m\u00f6chten, k\u00f6nnen Sie dies unter <a href=\"https:\/\/shop.immobilienbusiness.ch\" target=\"_blank\" rel=\"noopener\">shop.immobilienbusiness.ch<\/a> tun.<\/p>\n<p>Der Link zur Passwort\u00e4nderung ist 7 Tage lang g\u00fcltig.<\/p>\n<p>Sollten Sie Fragen haben oder der Link bereits abgelaufen sein, kontaktieren Sie uns bitte unter abo.immobilienbusiness@galledia.ch oder telefonisch unter +41 58 344 95 66.<\/p>\n","protected":false},"excerpt":{"rendered":"<p>Jetzt einloggen oder Immobilienbusiness abonnieren &nbsp; F\u00fcr bestehende Abonnent*innen Ihr Login bleibt weiterhin g\u00fcltig, jedoch m\u00fcssen Sie aus Sicherheitsgr\u00fcnden ein neues Passwort setzen. Anschliessend k\u00f6nnen Sie wie gewohnt alle Ihre Leistungen auf immobilienbusiness.ch nutzen. Wenn Sie zus\u00e4tzliche Leistungen bestellen oder Ihr Benutzerprofil aktualisieren m\u00f6chten, k\u00f6nnen Sie dies unter shop.immobilienbusiness.ch tun. Der Link zur Passwort\u00e4nderung ist [&hellip;]<\/p>\n","protected":false},"author":1,"featured_media":0,"parent":0,"menu_order":0,"comment_status":"closed","ping_status":"closed","template":"","meta":{"_acf_changed":false,"footnotes":""},"class_list":["post-5930","page","type-page","status-publish","hentry"],"acf":[],"_links":{"self":[{"href":"https:\/\/develop.immobilienbusiness.ch\/de\/wp-json\/wp\/v2\/pages\/5930","targetHints":{"allow":["GET"]}}],"collection":[{"href":"https:\/\/develop.immobilienbusiness.ch\/de\/wp-json\/wp\/v2\/pages"}],"about":[{"href":"https:\/\/develop.immobilienbusiness.ch\/de\/wp-json\/wp\/v2\/types\/page"}],"author":[{"embeddable":true,"href":"https:\/\/develop.immobilienbusiness.ch\/de\/wp-json\/wp\/v2\/users\/1"}],"replies":[{"embeddable":true,"href":"https:\/\/develop.immobilienbusiness.ch\/de\/wp-json\/wp\/v2\/comments?post=5930"}],"version-history":[{"count":1,"href":"https:\/\/develop.immobilienbusiness.ch\/de\/wp-json\/wp\/v2\/pages\/5930\/revisions"}],"predecessor-version":[{"id":5931,"href":"https:\/\/develop.immobilienbusiness.ch\/de\/wp-json\/wp\/v2\/pages\/5930\/revisions\/5931"}],"wp:attachment":[{"href":"https:\/\/develop.immobilienbusiness.ch\/de\/wp-json\/wp\/v2\/media?parent=5930"}],"curies":[{"name":"wp","href":"https:\/\/api.w.org\/{rel}","templated":true}]}}